{"id":2,"date":"2008-12-30T18:16:28","date_gmt":"2008-12-30T17:16:28","guid":{"rendered":"http:\/\/www.eso-volley.fr\/?page_id=2"},"modified":"2016-01-04T15:18:01","modified_gmt":"2016-01-04T14:18:01","slug":"a-propos","status":"publish","type":"page","link":"https:\/\/www.eso-volley.fr\/?page_id=2","title":{"rendered":"Le club"},"content":{"rendered":"<p>Vous trouverez dans les sous-rubriques les diff\u00e9rentes informations sur le club et les \u00e9quipes.<\/p>\n<ul>\n<li><a href=\"?page_id=699\">Pr\u00e9sentation<\/a><\/li>\n<li><a href=\"?page_id=704\">Comp\u00e9tition adultes<\/a><\/li>\n<li><a href=\"?page_id=2868\">Section loisir<\/a><\/li>\n<li><a href=\"?page_id=3480\">\u00c9cole de volley<\/a><\/li>\n<li><a href=\"?page_id=5\">ESO 1<\/a><\/li>\n<li><a href=\"?page_id=21\">ESO 2<\/a><\/li>\n<li><a href=\"?page_id=23\">ESO 3<\/a><\/li>\n<li><a href=\"?page_id=754\">ESO 4<\/a><\/li>\n<\/ul>\n","protected":false},"excerpt":{"rendered":"<p>Vous trouverez dans les sous-rubriques les diff\u00e9rentes informations sur le club et les \u00e9quipes. Pr\u00e9sentation Comp\u00e9tition adultes Section loisir \u00c9cole de volley ESO 1 ESO 2 ESO 3 ESO 4<\/p>\n","protected":false},"author":1,"featured_media":0,"parent":0,"menu_order":0,"comment_status":"open","ping_status":"open","template":"","meta":{"footnotes":""},"class_list":["post-2","page","type-page","status-publish","hentry","nodate","item-wrap"],"_links":{"self":[{"href":"https:\/\/www.eso-volley.fr\/index.php?rest_route=\/wp\/v2\/pages\/2","targetHints":{"allow":["GET"]}}],"collection":[{"href":"https:\/\/www.eso-volley.fr\/index.php?rest_route=\/wp\/v2\/pages"}],"about":[{"href":"https:\/\/www.eso-volley.fr\/index.php?rest_route=\/wp\/v2\/types\/page"}],"author":[{"embeddable":true,"href":"https:\/\/www.eso-volley.fr\/index.php?rest_route=\/wp\/v2\/users\/1"}],"replies":[{"embeddable":true,"href":"https:\/\/www.eso-volley.fr\/index.php?rest_route=%2Fwp%2Fv2%2Fcomments&post=2"}],"version-history":[{"count":2,"href":"https:\/\/www.eso-volley.fr\/index.php?rest_route=\/wp\/v2\/pages\/2\/revisions"}],"predecessor-version":[{"id":3991,"href":"https:\/\/www.eso-volley.fr\/index.php?rest_route=\/wp\/v2\/pages\/2\/revisions\/3991"}],"wp:attachment":[{"href":"https:\/\/www.eso-volley.fr\/index.php?rest_route=%2Fwp%2Fv2%2Fmedia&parent=2"}],"curies":[{"name":"wp","href":"https:\/\/api.w.org\/{rel}","templated":true}]}}