{"id":2060,"date":"2011-09-08T17:44:30","date_gmt":"2011-09-08T15:44:30","guid":{"rendered":"http:\/\/www.eso-volley.fr\/?page_id=2060"},"modified":"2012-10-30T12:44:52","modified_gmt":"2012-10-30T10:44:52","slug":"archives","status":"publish","type":"page","link":"https:\/\/www.eso-volley.fr\/?page_id=2060","title":{"rendered":"Archives"},"content":{"rendered":"<p>Retrouvez les donn\u00e9es des saisons pass\u00e9es. Les archives s&rsquo;\u00e9tofferont au fil du temps.<\/p>\n","protected":false},"excerpt":{"rendered":"<p>Retrouvez les donn\u00e9es des saisons pass\u00e9es. Les archives s&rsquo;\u00e9tofferont au fil du temps.<\/p>\n","protected":false},"author":1,"featured_media":0,"parent":723,"menu_order":10,"comment_status":"open","ping_status":"closed","template":"","meta":{"footnotes":""},"class_list":["post-2060","page","type-page","status-publish","hentry","nodate","item-wrap"],"_links":{"self":[{"href":"https:\/\/www.eso-volley.fr\/index.php?rest_route=\/wp\/v2\/pages\/2060","targetHints":{"allow":["GET"]}}],"collection":[{"href":"https:\/\/www.eso-volley.fr\/index.php?rest_route=\/wp\/v2\/pages"}],"about":[{"href":"https:\/\/www.eso-volley.fr\/index.php?rest_route=\/wp\/v2\/types\/page"}],"author":[{"embeddable":true,"href":"https:\/\/www.eso-volley.fr\/index.php?rest_route=\/wp\/v2\/users\/1"}],"replies":[{"embeddable":true,"href":"https:\/\/www.eso-volley.fr\/index.php?rest_route=%2Fwp%2Fv2%2Fcomments&post=2060"}],"version-history":[{"count":0,"href":"https:\/\/www.eso-volley.fr\/index.php?rest_route=\/wp\/v2\/pages\/2060\/revisions"}],"up":[{"embeddable":true,"href":"https:\/\/www.eso-volley.fr\/index.php?rest_route=\/wp\/v2\/pages\/723"}],"wp:attachment":[{"href":"https:\/\/www.eso-volley.fr\/index.php?rest_route=%2Fwp%2Fv2%2Fmedia&parent=2060"}],"curies":[{"name":"wp","href":"https:\/\/api.w.org\/{rel}","templated":true}]}}