{"id":3335,"date":"2014-04-10T10:30:49","date_gmt":"2014-04-10T08:30:49","guid":{"rendered":"http:\/\/www.eso-volley.fr\/?page_id=3335"},"modified":"2016-08-24T16:15:55","modified_gmt":"2016-08-24T14:15:55","slug":"widget","status":"publish","type":"page","link":"https:\/\/www.eso-volley.fr\/?page_id=3335","title":{"rendered":"Widget"},"content":{"rendered":"<p>L&rsquo;Eso vous propose de b\u00e9n\u00e9ficier de sa base de donn\u00e9es et d&rsquo;int\u00e9grer cela au site web de votre \u00e9quipe.<\/p>\n<p>Aucune contrainte, un simple merci suffira.<\/p>\n<p>D\u00e9sormais, les classements complets\/compacts et les r\u00e9sultats de poule sont disponibles.<br \/>\nCette \u00ab\u00a0offre\u00a0\u00bb peut \u00eatre amen\u00e9e \u00e0 \u00e9voluer en fonction des demandes et besoins de chacun.<\/p>\n<p>Il vous suffit de copier\/coller le code qui vous int\u00e9resse et de l&rsquo;int\u00e9grer dans vos pages.<\/p>\n<p>A vous de r\u00e9gler les hauteurs\/largeurs en fonction de votre site.<br \/>\nPensez \u00e9galement \u00e0 remplacer le X par la poule qui vous int\u00e9resse \ud83d\ude09<\/p>\n<p>Classement compact :<\/p>\n<blockquote><p><code>&lt;iframe src=\"http:\/\/www.eso-volley.fr\/classement-pouleX.html\" width=\"600\" height=\"450\" frameborder=\"0\"\/&gt;<\/code><\/p><\/blockquote>\n<p>Classement complet : <\/p>\n<blockquote><p><code>&lt;iframe src=\"http:\/\/www.eso-volley.fr\/classementComplet-pouleX.html\" width=\"600\" height=\"450\" frameborder=\"0\"\/&gt;<\/code><\/p><\/blockquote>\n<p>R\u00e9sultats : <\/p>\n<blockquote><p><code>&lt;iframe src=\"http:\/\/www.eso-volley.fr\/resultats-pouleX.html\" width=\"600\" height=\"450\" frameborder=\"0\"\/&gt;<\/code><\/p><\/blockquote>\n","protected":false},"excerpt":{"rendered":"<p>L&rsquo;Eso vous propose de b\u00e9n\u00e9ficier de sa base de donn\u00e9es et d&rsquo;int\u00e9grer cela au site web de votre \u00e9quipe. Aucune contrainte, un simple merci suffira. D\u00e9sormais, les classements complets\/compacts et les r\u00e9sultats de poule sont disponibles. Cette \u00ab\u00a0offre\u00a0\u00bb peut \u00eatre amen\u00e9e \u00e0 \u00e9voluer en fonction des demandes et besoins de chacun. Il vous suffit de &hellip; <\/p>\n<p><a class=\"more-link btn\" href=\"https:\/\/www.eso-volley.fr\/?page_id=3335\">Lire la suite<\/a><\/p>\n","protected":false},"author":36,"featured_media":0,"parent":723,"menu_order":2,"comment_status":"open","ping_status":"closed","template":"","meta":{"footnotes":""},"class_list":["post-3335","page","type-page","status-publish","hentry","nodate","item-wrap"],"_links":{"self":[{"href":"https:\/\/www.eso-volley.fr\/index.php?rest_route=\/wp\/v2\/pages\/3335","targetHints":{"allow":["GET"]}}],"collection":[{"href":"https:\/\/www.eso-volley.fr\/index.php?rest_route=\/wp\/v2\/pages"}],"about":[{"href":"https:\/\/www.eso-volley.fr\/index.php?rest_route=\/wp\/v2\/types\/page"}],"author":[{"embeddable":true,"href":"https:\/\/www.eso-volley.fr\/index.php?rest_route=\/wp\/v2\/users\/36"}],"replies":[{"embeddable":true,"href":"https:\/\/www.eso-volley.fr\/index.php?rest_route=%2Fwp%2Fv2%2Fcomments&post=3335"}],"version-history":[{"count":19,"href":"https:\/\/www.eso-volley.fr\/index.php?rest_route=\/wp\/v2\/pages\/3335\/revisions"}],"predecessor-version":[{"id":3635,"href":"https:\/\/www.eso-volley.fr\/index.php?rest_route=\/wp\/v2\/pages\/3335\/revisions\/3635"}],"up":[{"embeddable":true,"href":"https:\/\/www.eso-volley.fr\/index.php?rest_route=\/wp\/v2\/pages\/723"}],"wp:attachment":[{"href":"https:\/\/www.eso-volley.fr\/index.php?rest_route=%2Fwp%2Fv2%2Fmedia&parent=3335"}],"curies":[{"name":"wp","href":"https:\/\/api.w.org\/{rel}","templated":true}]}}