{"id":3480,"date":"2014-10-09T23:23:18","date_gmt":"2014-10-09T21:23:18","guid":{"rendered":"http:\/\/www.eso-volley.fr\/?page_id=3480"},"modified":"2025-08-18T13:05:08","modified_gmt":"2025-08-18T11:05:08","slug":"section-jeunes","status":"publish","type":"page","link":"https:\/\/www.eso-volley.fr\/?page_id=3480","title":{"rendered":"Ecole de volley"},"content":{"rendered":"<h1><strong>SAISON 2025-2026<\/strong><\/h1>\n<p><strong>Apprendre le Volley-Ball\u00a0\u00e0 l\u2019ESO :<\/strong><\/p>\n<p>L&rsquo;\u00e9cole de volley est ouverte aux jeunes n\u00e9s entre 2011 et 2018 inclus. Nous n&rsquo;avons pas de cat\u00e9gorie de pratique pour les jeunes n\u00e9s apr\u00e8s 2018. Ceux n\u00e9s entre 2008 et 2010 inclus doivent s&rsquo;inscrire en <a href=\"https:\/\/www.eso-volley.fr\/?page_id=3868\">Loisir Mineur<\/a>.<\/p>\n<p>La reprise de la saison 2025-2026 aura lieu <strong>le samedi 6 septembre 2025 :<\/strong><\/p>\n<p>Pour des raisons de responsabilit\u00e9 et d\u2019assurance, les jeunes non inscrits ayant d\u00e9j\u00e0 particip\u00e9 \u00e0 au moins 2 s\u00e9ances ne seront plus autoris\u00e9s \u00e0 participer aux activit\u00e9s de la section \u00e0 partir du : <strong>samedi 20 septembre 2025<\/strong>.<\/p>\n<p><strong>Fonctionnement :<\/strong><\/p>\n<p>Les s\u00e9ances ont lieu le samedi matin dans le gymnase Marcel Kobzik (grand gymnase) :<\/p>\n<p>Ann\u00e9es 2008-2010 perfectionnement : 9h30 \u00e0 11h30<br \/>\nAnn\u00e9es 2008-2010 apprentissage : 11h \u00e0 12h30<br \/>\nAnn\u00e9es 2011-2015 tous niveaux : 9h30 \u00e0 11h<br \/>\nAnn\u00e9es 2016-2018 d\u00e9couverte : 11h \u00e0 12h <strong><em>[Sous r\u00e9serve du nombre d&rsquo;inscrits]<\/em><\/strong><\/p>\n<p>La r\u00e9partition dans les groupes sera faite courant septembre par les encadrants en fonction de l&rsquo;\u00e2ge et du niveau sportif.<\/p>\n<p>Il y a \u00e0 chaque s\u00e9ance au moins 2 encadrants adultes licenci\u00e9s \u00e0 l&rsquo;ESO Volley-ball. En g\u00e9n\u00e9ral, les enfants sont r\u00e9partis en plusieurs groupes sur chaque cr\u00e9neau afin de mieux progresser.<\/p>\n<p>Notre vision de l&rsquo;\u00e9cole de volley est avant tout la d\u00e9couverte de notre sport, faire na\u00eetre un plaisir dans la pratique, permettre aux jeunes de se former, de progresser, le tout dans un esprit ludique, et apprendre certaines valeurs du sport, comme le respect ou l&rsquo;esprit d&rsquo;\u00e9quipe. Dans cette optique, nous ne proposons pas de comp\u00e9tition, car nous souhaitons encourager les enfants et les laisser prendre sereinement leurs rep\u00e8res.<\/p>\n<p>Tous nos inscrits dans cette section sont licenci\u00e9s aupr\u00e8s de <strong>l&rsquo;UFOLEP<\/strong>.<\/p>\n<p><strong>Inscriptions :<\/strong><\/p>\n<p><a href=\"https:\/\/www.eso-volley.fr\/Docs\/RemplirPDF.pdf\" target=\"_blank\" rel=\"noreferrer noopener\">\u2013 Tutoriel : comment remplir mes documents sur ordinateur ? \u2013<\/a><\/p>\n<p>Pour vous inscrire, 2 possibilit\u00e9s* :<\/p>\n<ul class=\"wp-block-list\">\n<li>Avec un dossier d\u2019inscription classique (<a href=\"https:\/\/www.eso-volley.fr\/Docs\/2526-Inscription.pdf\" target=\"_blank\" rel=\"noreferrer noopener\">t\u00e9l\u00e9charger<\/a>) \u00e0 compl\u00e9ter,<\/li>\n<li>Directement en ligne en suivant le lien suivant :\u00a0<a href=\"https:\/\/eso-notre-dame-doe-volley-ball.sporteasy.net\/collections\/36068\/\" target=\"_blank\" rel=\"noreferrer noopener\">Inscription via SportEasy<\/a> en joignant le dossier d\u2019inscription rempli<\/li>\n<\/ul>\n<p>Dans tous les cas, vous aurez besoin des \u00e9l\u00e9ments suivants :<\/p>\n<ul class=\"wp-block-list\">\n<li>La demande de licence,<\/li>\n<li>Un document m\u00e9dical** (attestation de r\u00e9ponse au questionnaire ou certificat m\u00e9dical de moins d\u2019un an, attestant de votre capacit\u00e9 \u00e0 pratiquer le volley-ball),<\/li>\n<li>Une photo d\u2019identit\u00e9 pour les nouveaux joueurs (ou ceux souhaitant renouveler la photo sur leur licence)<\/li>\n<li>Un r\u00e8glement de 35 \u20ac correspondant \u00e0 la cotisation annuelle***<\/li>\n<\/ul>\n<p>Les documents \u00e0 remplir sont fournis directement sur le lien ou dans le dossier.<\/p>\n<p><span style=\"font-size: revert;\">Il est possible de faire une ou deux s\u00e9ances d&rsquo;essai avant de s&rsquo;inscrire.<\/span><\/p>\n<p><strong>ATTENTION<\/strong> : Notre section priorise les r\u00e9inscriptions de nos jeunes de l&rsquo;an dernier. En cons\u00e9quence, le nombre de places peut se trouver limit\u00e9 selon la tranche d&rsquo;\u00e2ge. Merci de votre compr\u00e9hension.<\/p>\n<p><em><strong>* Anciens adh\u00e9rents :<\/strong><\/em><\/p>\n<p>Vous n&rsquo;\u00e9tiez pas inscrit l&rsquo;an dernier mais vous avez d\u00e9j\u00e0 jou\u00e9 \u00e0 l&rsquo;ESO Volley-ball ? <a href=\"mailto:eso.volleyball@gmail.com\">Contactez-nous par mail<\/a>, nous pourrons vous envoyer un dossier pr\u00e9rempli.<\/p>\n<p><em><strong>**A propos du certificat m\u00e9dical :<\/strong><\/em><\/p>\n<p>Depuis le 1er janvier 2021, le certificat m\u00e9dical n&rsquo;est plus syst\u00e9matiquement requis pour les mineurs en association sportive. A la place, ils doivent remplir (au besoin avec l&rsquo;aide d&rsquo;un adulte) un questionnaire m\u00e9dical, fourni dans le dossier. Si toutes les r\u00e9ponses sont n\u00e9gatives, il faut alors remplir l&rsquo;attestation de r\u00e9ponse (vous conservez le questionnaire), qui se substitue au certificat m\u00e9dical.<\/p>\n<p>En revanche, si au moins une des r\u00e9ponses est positive, il faut consulter un m\u00e9decin en lui pr\u00e9sentant le questionnaire rempli, et il d\u00e9cidera alors de d\u00e9livrer ou non un certificat m\u00e9dical autorisant la pratique du volley-ball pour le mineur.<\/p>\n<p>Pour voir concr\u00e8tement comment cela fonctionne, voyez la fiche pratique ci-dessous.<\/p>\n<p><em><strong>*** R\u00e8glement de la cotisation<\/strong><\/em><\/p>\n<p>Le r\u00e8glement est possible en plusieurs fois. Modes de r\u00e8glement accept\u00e9s : ch\u00e8ques, esp\u00e8ces, virement bancaire, carte bancaire, ANCV, coupons sport, Pass&rsquo;Sport et Yep&rsquo;s sont accept\u00e9s. Pour un paiement par virement, merci de nous contacter <a href=\"mailto:eso.volleyball@gmail.com\">par mail<\/a>\u00a0pour obtenir les coordonn\u00e9es bancaires.<\/p>\n<p><strong>Documents compl\u00e9mentaires :<\/strong><\/p>\n<ul>\n<li>Fiche pratique : Certificat m\u00e9dical ou Attestation de r\u00e9ponse ? (<a href=\"https:\/\/www.eso-volley.fr\/Docs\/CertifSchema.pdf\" target=\"_blank\" rel=\"noopener noreferrer\">t\u00e9l\u00e9charger<\/a>)<\/li>\n<li>Questionnaire de sant\u00e9 (<a href=\"https:\/\/www.eso-volley.fr\/Docs\/QuestionnaireSante_Mineur.pdf\" target=\"_blank\" rel=\"noopener noreferrer\">t\u00e9l\u00e9charger<\/a>)<\/li>\n<li>Attestation de r\u00e9ponse au questionnaire de sant\u00e9 (<a href=\"https:\/\/www.eso-volley.fr\/Docs\/Attestation.pdf\" target=\"_blank\" rel=\"noopener noreferrer\">t\u00e9l\u00e9charger<\/a>)<\/li>\n<\/ul>\n<p><strong>D\u00e9roulement des s\u00e9ances :<\/strong><\/p>\n<p>Les s\u00e9ances comprennent des exercices ludiques adapt\u00e9s \u00e0 l&rsquo;\u00e2ge et au niveau des pratiquants. Qu&rsquo;il s&rsquo;agisse d&rsquo;exercices courts et r\u00e9cr\u00e9atifs pour les plus jeunes, ou d&rsquo;exercices plus \u00ab\u00a0techniques\u00a0\u00bb pour les autres, l&rsquo;accent est mis sur la convivialit\u00e9 et la progression. Les s\u00e9ances sont encadr\u00e9es par au moins 2 des encadrants (C\u00e9dric, David, Micha\u00ebl, Marc).<\/p>\n<p><strong>Ce que couvre la cotisation :<\/strong><\/p>\n<p>Les 35 \u20ac de cotisation couvrent principalement le co\u00fbt de la licence (20-25 \u20ac, selon l&rsquo;\u00e2ge). Le reste nous permet d&rsquo;acheter du mat\u00e9riel pour la section (ballons notamment), et d&rsquo;offrir aux jeunes un go\u00fbter lors d&rsquo;occasions sp\u00e9ciales (Halloween, No\u00ebl, P\u00e2ques&#8230;).<\/p>\n<p>Le r\u00e8glement est possible en plusieurs fois, les ANCV et coupons sport sont accept\u00e9s.<\/p>\n","protected":false},"excerpt":{"rendered":"<p>SAISON 2025-2026 Apprendre le Volley-Ball\u00a0\u00e0 l\u2019ESO : L&rsquo;\u00e9cole de volley est ouverte aux jeunes n\u00e9s entre 2011 et 2018 inclus. Nous n&rsquo;avons pas de cat\u00e9gorie de pratique pour les jeunes n\u00e9s apr\u00e8s 2018. Ceux n\u00e9s entre 2008 et 2010 inclus doivent s&rsquo;inscrire en Loisir Mineur. La reprise de la saison 2025-2026 aura lieu le samedi &hellip; <\/p>\n<p><a class=\"more-link btn\" href=\"https:\/\/www.eso-volley.fr\/?page_id=3480\">Lire la suite<\/a><\/p>\n","protected":false},"author":1,"featured_media":0,"parent":2,"menu_order":4,"comment_status":"open","ping_status":"closed","template":"","meta":{"footnotes":""},"class_list":["post-3480","page","type-page","status-publish","hentry","nodate","item-wrap"],"_links":{"self":[{"href":"https:\/\/www.eso-volley.fr\/index.php?rest_route=\/wp\/v2\/pages\/3480","targetHints":{"allow":["GET"]}}],"collection":[{"href":"https:\/\/www.eso-volley.fr\/index.php?rest_route=\/wp\/v2\/pages"}],"about":[{"href":"https:\/\/www.eso-volley.fr\/index.php?rest_route=\/wp\/v2\/types\/page"}],"author":[{"embeddable":true,"href":"https:\/\/www.eso-volley.fr\/index.php?rest_route=\/wp\/v2\/users\/1"}],"replies":[{"embeddable":true,"href":"https:\/\/www.eso-volley.fr\/index.php?rest_route=%2Fwp%2Fv2%2Fcomments&post=3480"}],"version-history":[{"count":1,"href":"https:\/\/www.eso-volley.fr\/index.php?rest_route=\/wp\/v2\/pages\/3480\/revisions"}],"predecessor-version":[{"id":4741,"href":"https:\/\/www.eso-volley.fr\/index.php?rest_route=\/wp\/v2\/pages\/3480\/revisions\/4741"}],"up":[{"embeddable":true,"href":"https:\/\/www.eso-volley.fr\/index.php?rest_route=\/wp\/v2\/pages\/2"}],"wp:attachment":[{"href":"https:\/\/www.eso-volley.fr\/index.php?rest_route=%2Fwp%2Fv2%2Fmedia&parent=3480"}],"curies":[{"name":"wp","href":"https:\/\/api.w.org\/{rel}","templated":true}]}}