{"id":3868,"date":"2015-09-24T12:25:59","date_gmt":"2015-09-24T10:25:59","guid":{"rendered":"http:\/\/www.eso-volley.fr\/?page_id=3868"},"modified":"2025-08-18T12:58:36","modified_gmt":"2025-08-18T10:58:36","slug":"section-loisir","status":"publish","type":"page","link":"https:\/\/www.eso-volley.fr\/?page_id=3868","title":{"rendered":"Section Loisir Mineur"},"content":{"rendered":"<h1><strong>SAISON 2025-2026<\/strong><\/h1>\n<p><strong>D\u00e9couvrir le\u00a0volley-ball \u00e0 l&rsquo;ESO :<\/strong><\/p>\n<p>La section Loisir est mixte et ouverte \u00e0 toute personne n\u00e9e entre 2008 et 2010 (pour ceux n\u00e9s apr\u00e8s 2010, voir <a href=\"https:\/\/www.eso-volley.fr\/?page_id=3480\" target=\"_blank\" rel=\"noopener noreferrer\">l&rsquo;\u00e9cole de volley<\/a> &#8211; pour ceux n\u00e9s avant 2008, voir la <a href=\"https:\/\/www.eso-volley.fr\/?page_id=704\" target=\"_blank\" rel=\"noopener\">Comp\u00e9tition adulte<\/a> ou le <a href=\"https:\/\/www.eso-volley.fr\/?page_id=4652\" target=\"_blank\" rel=\"noopener\">Loisir adulte<\/a>), et plut\u00f4t orient\u00e9e pour les d\u00e9butants souhaitant s&rsquo;initier au volley-ball ou s&rsquo;am\u00e9liorer sans faire de comp\u00e9tition.<\/p>\n<p>Pour la saison 2025-2026, les s\u00e9ances Loisir reprendront le <strong>samedi 6 septembre 2025.<\/strong><\/p>\n<p>Les inscriptions sont possibles tout au long de l&rsquo;ann\u00e9e, dans la limite des places disponibles. Pour des raisons d&rsquo;assurance et de s\u00e9curit\u00e9, <strong>\u00e0 partir du 20 septembre 2025<\/strong>, toute personne ayant d\u00e9j\u00e0 particip\u00e9 \u00e0 au moins 2 s\u00e9ances devra \u00eatre inscrite (dossier complet) pour faire des s\u00e9ances suppl\u00e9mentaires.<\/p>\n<p><strong>Fonctionnement :<\/strong><\/p>\n<p>Les s\u00e9ances ont lieu le samedi matin de 11h \u00e0 12h30 suivant le niveau.<br \/>\nSur ces s\u00e9ances, encadr\u00e9es par un ou deux b\u00e9n\u00e9voles du club, les joueurs d\u00e9couvrent les bases du volley, travaillent les gestes techniques et apprennent certaines notions tactiques (placements, r\u00e8gles de jeu).<br \/>\nLe tout est orient\u00e9 de fa\u00e7on ludique, car l&rsquo;objectif principal reste pour les adh\u00e9rents de prendre du plaisir sur le terrain.<\/p>\n<p>Les s\u00e9ances sont g\u00e9n\u00e9ralement d\u00e9coup\u00e9es en 3 parties :<\/p>\n<ul>\n<li>15-20 minutes d&rsquo;\u00e9chauffement avec et sans ballon,<\/li>\n<li>1h-1h15 d&rsquo;exercices ludiques faisant travailler diff\u00e9rents aspects du volley,<\/li>\n<li>30 minutes de jeu si le niveau est suffisant<\/li>\n<\/ul>\n<p><strong>Inscriptions :<\/strong><\/p>\n<p><a href=\"https:\/\/www.eso-volley.fr\/Docs\/RemplirPDF.pdf\" target=\"_blank\" rel=\"noreferrer noopener\">\u00a0\u2013 Tutoriel : comment remplir mes documents sur ordinateur ? \u2013<\/a><\/p>\n<p>Pour vous inscrire, 2 possibilit\u00e9s* :<\/p>\n<ul class=\"wp-block-list\">\n<li>Avec un dossier d\u2019inscription classique (<a href=\"https:\/\/www.eso-volley.fr\/Docs\/2526-Inscription.pdf\" target=\"_blank\" rel=\"noreferrer noopener\">t\u00e9l\u00e9charger<\/a>) \u00e0 compl\u00e9ter,<\/li>\n<li>Directement en ligne en suivant le lien suivant :\u00a0<a href=\"https:\/\/eso-notre-dame-doe-volley-ball.sporteasy.net\/collections\/36068\/\" target=\"_blank\" rel=\"noreferrer noopener\">Inscription via SportEasy<\/a> en joignant le dossier d\u2019inscription rempli<\/li>\n<\/ul>\n<p>Dans tous les cas, vous aurez besoin des \u00e9l\u00e9ments suivants :<\/p>\n<ul class=\"wp-block-list\">\n<li>La demande de licence,<\/li>\n<li>Un document m\u00e9dical** (attestation de r\u00e9ponse au questionnaire ou certificat m\u00e9dical de moins d\u2019un an, attestant de votre capacit\u00e9 \u00e0 pratiquer le volley-ball),<\/li>\n<li>Une photo d\u2019identit\u00e9 pour les nouveaux joueurs (ou ceux souhaitant renouveler la photo sur leur licence)<\/li>\n<li>Un r\u00e8glement de 50 \u20ac correspondant \u00e0 la cotisation annuelle***<\/li>\n<\/ul>\n<p>Les documents \u00e0 remplir sont fournis directement sur le lien ou dans le dossier.<\/p>\n<p>Tous les joueurs Loisir sont licenci\u00e9s aupr\u00e8s de <strong>l&rsquo;Ufolep<\/strong>.\u00a0<strong><em>Les documents d&rsquo;inscription doivent \u00eatre compl\u00e9t\u00e9s et sign\u00e9s par un tuteur l\u00e9gal.<\/em><\/strong><\/p>\n<p><em><strong>* Anciens adh\u00e9rents :<\/strong><\/em><\/p>\n<p>Vous n&rsquo;\u00e9tiez pas inscrit l&rsquo;an dernier mais vous avez d\u00e9j\u00e0 jou\u00e9 \u00e0 l&rsquo;ESO Volley-ball ? <a href=\"mailto:eso.volleyball@gmail.com\">Contactez-nous par mail<\/a>, nous pourrons vous envoyer un dossier pr\u00e9rempli.<\/p>\n<p><em><strong>**A propos du certificat m\u00e9dical :<\/strong><\/em><\/p>\n<p>Depuis juillet 2022, le certificat m\u00e9dical a (encore) \u00e9volu\u00e9 : ce sont d\u00e9sormais les f\u00e9d\u00e9rations qui sont responsables des modalit\u00e9s de pr\u00e9sentation et de renouvellement des certificats m\u00e9dicaux. Voici ce qu\u2019il en est :<\/p>\n<ul>\n<li>L\u2019UFOLEP a fait le choix d\u2019aligner les modalit\u00e9s adultes sur celles des mineurs : le certificat m\u00e9dical n\u2019est donc plus obligatoire (y compris pour une 1\u00e8re licence) du moment que toutes les r\u00e9ponses au questionnaire sant\u00e9 sont n\u00e9gatives.<\/li>\n<li>La FFVB n\u2019a donn\u00e9 aucune nouvelle indication, c\u2019est donc l\u2019ancienne proc\u00e9dure qui s\u2019applique : certificat m\u00e9dical \u00e0 pr\u00e9senter pour la 1\u00e8re licence, puis renouvellement tous les 3 ans via le questionnaire sant\u00e9.<\/li>\n<\/ul>\n<p>Pour voir concr\u00e8tement comment cela fonctionne, voyez la fiche pratique dans les autres documents, plus bas dans cette page.<\/p>\n<p><em style=\"font-size: inherit;\"><strong>*** R\u00e8glement de la cotisation<\/strong><\/em><\/p>\n<p>Le r\u00e8glement est possible en plusieurs fois. Modes de r\u00e8glement accept\u00e9s : ch\u00e8ques, esp\u00e8ces, virement bancaire, carte bancaire, ANCV, coupons sport, Pass&rsquo;Sport et Yep&rsquo;s sont accept\u00e9s. Pour un paiement par virement, merci de nous contacter <a href=\"mailto:eso.volleyball@gmail.com\">par mail<\/a>\u00a0pour obtenir les coordonn\u00e9es bancaires.<\/p>\n<p><strong>Documents compl\u00e9mentaires :<\/strong><\/p>\n<ul>\n<li>Fiche pratique : Certificat m\u00e9dical ou Attestation de r\u00e9ponse ? (<a href=\"https:\/\/www.eso-volley.fr\/Docs\/CertifSchema.pdf\" target=\"_blank\" rel=\"noopener noreferrer\">t\u00e9l\u00e9charger<\/a>)<\/li>\n<li>Questionnaire de sant\u00e9 Cerfa (version pour les mineurs &#8211; <a href=\"https:\/\/www.eso-volley.fr\/Docs\/QuestionnaireSante_Mineur.pdf\" target=\"_blank\" rel=\"noopener noreferrer\">t\u00e9l\u00e9charger<\/a>)<\/li>\n<li>Attestation de r\u00e9ponse au questionnaire de sant\u00e9 (<a href=\"https:\/\/www.eso-volley.fr\/Docs\/Attestation.pdf\" target=\"_blank\" rel=\"noopener noreferrer\">t\u00e9l\u00e9charger<\/a>)<\/li>\n<\/ul>\n<p><strong>A propos de la cotisation :<\/strong><\/p>\n<p>La cotisation de 50 \u20ac couvre principalement le prix de la licence (38 \u20ac). Le surplus permet de participer aux d\u00e9penses du club, notamment en achat de mat\u00e9riel, ainsi qu&rsquo;\u00e0 l&rsquo;organisation de pot (fin de saison notamment).<\/p>\n<p>Le r\u00e8glement est possible en plusieurs fois, les ANCV et coupons sport sont accept\u00e9s ainsi que le Pass&rsquo;Sport.<\/p>\n","protected":false},"excerpt":{"rendered":"<p>SAISON 2025-2026 D\u00e9couvrir le\u00a0volley-ball \u00e0 l&rsquo;ESO : La section Loisir est mixte et ouverte \u00e0 toute personne n\u00e9e entre 2008 et 2010 (pour ceux n\u00e9s apr\u00e8s 2010, voir l&rsquo;\u00e9cole de volley &#8211; pour ceux n\u00e9s avant 2008, voir la Comp\u00e9tition adulte ou le Loisir adulte), et plut\u00f4t orient\u00e9e pour les d\u00e9butants souhaitant s&rsquo;initier au volley-ball &hellip; <\/p>\n<p><a class=\"more-link btn\" href=\"https:\/\/www.eso-volley.fr\/?page_id=3868\">Lire la suite<\/a><\/p>\n","protected":false},"author":1,"featured_media":0,"parent":2,"menu_order":2,"comment_status":"closed","ping_status":"closed","template":"","meta":{"footnotes":""},"class_list":["post-3868","page","type-page","status-publish","hentry","nodate","item-wrap"],"_links":{"self":[{"href":"https:\/\/www.eso-volley.fr\/index.php?rest_route=\/wp\/v2\/pages\/3868","targetHints":{"allow":["GET"]}}],"collection":[{"href":"https:\/\/www.eso-volley.fr\/index.php?rest_route=\/wp\/v2\/pages"}],"about":[{"href":"https:\/\/www.eso-volley.fr\/index.php?rest_route=\/wp\/v2\/types\/page"}],"author":[{"embeddable":true,"href":"https:\/\/www.eso-volley.fr\/index.php?rest_route=\/wp\/v2\/users\/1"}],"replies":[{"embeddable":true,"href":"https:\/\/www.eso-volley.fr\/index.php?rest_route=%2Fwp%2Fv2%2Fcomments&post=3868"}],"version-history":[{"count":1,"href":"https:\/\/www.eso-volley.fr\/index.php?rest_route=\/wp\/v2\/pages\/3868\/revisions"}],"predecessor-version":[{"id":4737,"href":"https:\/\/www.eso-volley.fr\/index.php?rest_route=\/wp\/v2\/pages\/3868\/revisions\/4737"}],"up":[{"embeddable":true,"href":"https:\/\/www.eso-volley.fr\/index.php?rest_route=\/wp\/v2\/pages\/2"}],"wp:attachment":[{"href":"https:\/\/www.eso-volley.fr\/index.php?rest_route=%2Fwp%2Fv2%2Fmedia&parent=3868"}],"curies":[{"name":"wp","href":"https:\/\/api.w.org\/{rel}","templated":true}]}}