{"id":4652,"date":"2023-08-19T01:15:05","date_gmt":"2023-08-18T23:15:05","guid":{"rendered":"https:\/\/www.eso-volley.fr\/?page_id=4652"},"modified":"2025-08-18T13:02:34","modified_gmt":"2025-08-18T11:02:34","slug":"section-loisir-adulte","status":"publish","type":"page","link":"https:\/\/www.eso-volley.fr\/?page_id=4652","title":{"rendered":"Section Loisir Adulte"},"content":{"rendered":"\n<h1 class=\"wp-block-heading\"><strong>SAISON 2025-202<\/strong>6<\/h1>\n\n\n\n<p><strong>D\u00e9couvrir le&nbsp;volley-ball \u00e0 l&rsquo;ESO :<\/strong><\/p>\n\n\n\n<p>La section Loisir adulte est mixte et ouverte \u00e0 toute personne n\u00e9e en 2007 ou avant, et plut\u00f4t orient\u00e9e pour les d\u00e9butants souhaitant s&rsquo;initier au volley-ball ou jouer sans faire de comp\u00e9tition.<\/p>\n\n\n\n<p>Pour la saison 2025-2026, les s\u00e9ances Loisir reprendront le <strong>lundi 01 septembre 2025.<\/strong><\/p>\n\n\n\n<p>Les inscriptions sont possibles tout au long de l&rsquo;ann\u00e9e, dans la limite des places disponibles. Pour des raisons d&rsquo;assurance et de s\u00e9curit\u00e9, <strong>\u00e0 partir du 15 septembre 202<\/strong>5, toute personne ayant d\u00e9j\u00e0 particip\u00e9 \u00e0 au moins 2 s\u00e9ances devra \u00eatre inscrite (dossier complet) pour faire des s\u00e9ances suppl\u00e9mentaires.<\/p>\n\n\n\n<p><strong>Fonctionnement :<\/strong><\/p>\n\n\n\n<p>Les s\u00e9ances ont lieu le lundi soir \u00e0 partir de 20h00. Ces s\u00e9ances se font avec les joueuses et joueurs en comp\u00e9tition et ne sont pas encadr\u00e9es (m\u00eame si certains adh\u00e9rents seront toujours pr\u00eats \u00e0 vous donner des conseil et des explications !).<\/p>\n\n\n\n<p>Selon le d\u00e9roulement de la saison, vos envies, vos disponibilit\u00e9s, votre niveau et les besoins des \u00e9quipes, il pourra vous \u00eatre ponctuellement proposer de renforcer une \u00e9quipe en comp\u00e9tition.<\/p>\n\n\n\n<p><strong>Inscriptions :<\/strong><\/p>\n\n\n\n<p><a href=\"https:\/\/www.eso-volley.fr\/Docs\/RemplirPDF.pdf\" target=\"_blank\" rel=\"noreferrer noopener\">&nbsp;\u2013 Tutoriel : comment remplir mes documents sur ordinateur ? \u2013<\/a><\/p>\n\n\n\n<p>Pour vous inscrire, 2 possibilit\u00e9s* :<\/p>\n\n\n\n<ul class=\"wp-block-list\">\n<li>Avec un dossier d\u2019inscription classique (<a href=\"https:\/\/www.eso-volley.fr\/Docs\/2526-Inscription.pdf\" target=\"_blank\" rel=\"noreferrer noopener\">t\u00e9l\u00e9charger<\/a>) \u00e0 compl\u00e9ter,<\/li>\n\n\n\n<li>Directement en ligne en suivant le lien suivant :\u00a0<a href=\"https:\/\/eso-notre-dame-doe-volley-ball.sporteasy.net\/collections\/36068\/\" target=\"_blank\" rel=\"noreferrer noopener\">Inscription via SportEasy<\/a> en joignant le dossier d\u2019inscription rempli<\/li>\n<\/ul>\n\n\n\n<p>Dans tous les cas, vous aurez besoin des \u00e9l\u00e9ments suivants :<\/p>\n\n\n\n<ul class=\"wp-block-list\">\n<li>La demande de licence,<\/li>\n\n\n\n<li>Un document m\u00e9dical** (attestation de r\u00e9ponse au questionnaire ou certificat m\u00e9dical de moins d\u2019un an, attestant de votre capacit\u00e9 \u00e0 pratiquer le volley-ball),<\/li>\n\n\n\n<li>Une photo d\u2019identit\u00e9 pour les nouveaux joueurs (ou ceux souhaitant renouveler la photo sur leur licence)<\/li>\n\n\n\n<li>Un r\u00e8glement de 50 \u20ac correspondant \u00e0 la cotisation annuelle***<\/li>\n<\/ul>\n\n\n\n<p>Les documents \u00e0 remplir sont fournis directement sur le lien ou dans le dossier.<\/p>\n\n\n\n<p>Tous les joueurs Loisir sont licenci\u00e9s aupr\u00e8s de <strong>l&rsquo;Ufolep<\/strong>.<\/p>\n\n\n\n<p><em><strong>* Anciens adh\u00e9rents :<\/strong><\/em><\/p>\n\n\n\n<p>Vous n&rsquo;\u00e9tiez pas inscrit l&rsquo;an dernier mais vous avez d\u00e9j\u00e0 jou\u00e9 \u00e0 l&rsquo;ESO Volley-ball ? <a href=\"mailto:eso.volleyball@gmail.com\">Contactez-nous par mail<\/a>, nous pourrons vous envoyer un dossier pr\u00e9rempli.<\/p>\n\n\n\n<p><em><strong>**A propos du certificat m\u00e9dical :<\/strong><\/em><\/p>\n\n\n\n<p>Depuis juillet 2022, le certificat m\u00e9dical a (encore) \u00e9volu\u00e9 : ce sont d\u00e9sormais les f\u00e9d\u00e9rations qui sont responsables des modalit\u00e9s de pr\u00e9sentation et de renouvellement des certificats m\u00e9dicaux. L\u2019UFOLEP a fait le choix d\u2019aligner les modalit\u00e9s adultes sur celles des mineurs : le certificat m\u00e9dical n\u2019est donc plus obligatoire (y compris pour une 1\u00e8re licence) du moment que toutes les r\u00e9ponses au questionnaire sant\u00e9 sont n\u00e9gatives.<\/p>\n\n\n\n<p>Pour voir concr\u00e8tement comment cela fonctionne, voyez la fiche pratique dans les autres documents, plus bas dans cette page.<\/p>\n\n\n\n<p><em><strong>*** R\u00e8glement de la cotisation<\/strong><\/em><\/p>\n\n\n\n<p>Le r\u00e8glement est possible en plusieurs fois. Modes de r\u00e8glement accept\u00e9s : ch\u00e8ques, esp\u00e8ces, virement bancaire, carte bancaire, ANCV, coupons sport, Pass&rsquo;Sport et Yep&rsquo;s sont accept\u00e9s. Pour un paiement par virement, merci de nous contacter <a href=\"mailto:eso.volleyball@gmail.com\">par mail<\/a>&nbsp;pour obtenir les coordonn\u00e9es bancaires.<\/p>\n\n\n\n<p><strong>Documents compl\u00e9mentaires :<\/strong><\/p>\n\n\n\n<ul class=\"wp-block-list\">\n<li>Fiche pratique : Certificat m\u00e9dical ou Attestation de r\u00e9ponse ? (<a href=\"https:\/\/www.eso-volley.fr\/Docs\/CertifSchema.pdf\" target=\"_blank\" rel=\"noreferrer noopener\">t\u00e9l\u00e9charger<\/a>)<\/li>\n\n\n\n<li>Questionnaire de sant\u00e9 Cerfa (version adulte &#8211; <a href=\"https:\/\/www.eso-volley.fr\/Docs\/QuestionnaireSante_Adulte.pdf\" target=\"_blank\" rel=\"noreferrer noopener\">t\u00e9l\u00e9charger<\/a>)<\/li>\n\n\n\n<li>Attestation de r\u00e9ponse au questionnaire de sant\u00e9 (<a href=\"https:\/\/www.eso-volley.fr\/Docs\/Attestation.pdf\" target=\"_blank\" rel=\"noreferrer noopener\">t\u00e9l\u00e9charger<\/a>)<\/li>\n<\/ul>\n\n\n\n<p><strong>A propos de la cotisation :<\/strong><\/p>\n\n\n\n<p>La cotisation de 50 \u20ac couvre principalement le prix de la licence (38 \u20ac). Le surplus permet de participer aux d\u00e9penses du club, notamment en achat de mat\u00e9riel, ainsi qu&rsquo;\u00e0 l&rsquo;organisation de pot (fin de saison notamment).<\/p>\n\n\n\n<p>Le r\u00e8glement est possible en plusieurs fois, les ANCV et coupons sport sont accept\u00e9s ainsi que le Pass&rsquo;Sport.<\/p>\n","protected":false},"excerpt":{"rendered":"<p>SAISON 2025-2026 D\u00e9couvrir le&nbsp;volley-ball \u00e0 l&rsquo;ESO : La section Loisir adulte est mixte et ouverte \u00e0 toute personne n\u00e9e en 2007 ou avant, et plut\u00f4t orient\u00e9e pour les d\u00e9butants souhaitant s&rsquo;initier au volley-ball ou jouer sans faire de comp\u00e9tition. Pour la saison 2025-2026, les s\u00e9ances Loisir reprendront le lundi 01 septembre 2025. Les inscriptions sont &hellip; <\/p>\n<p><a class=\"more-link btn\" href=\"https:\/\/www.eso-volley.fr\/?page_id=4652\">Lire la suite<\/a><\/p>\n","protected":false},"author":1,"featured_media":0,"parent":2,"menu_order":3,"comment_status":"closed","ping_status":"closed","template":"","meta":{"footnotes":""},"class_list":["post-4652","page","type-page","status-publish","hentry","nodate","item-wrap"],"_links":{"self":[{"href":"https:\/\/www.eso-volley.fr\/index.php?rest_route=\/wp\/v2\/pages\/4652","targetHints":{"allow":["GET"]}}],"collection":[{"href":"https:\/\/www.eso-volley.fr\/index.php?rest_route=\/wp\/v2\/pages"}],"about":[{"href":"https:\/\/www.eso-volley.fr\/index.php?rest_route=\/wp\/v2\/types\/page"}],"author":[{"embeddable":true,"href":"https:\/\/www.eso-volley.fr\/index.php?rest_route=\/wp\/v2\/users\/1"}],"replies":[{"embeddable":true,"href":"https:\/\/www.eso-volley.fr\/index.php?rest_route=%2Fwp%2Fv2%2Fcomments&post=4652"}],"version-history":[{"count":1,"href":"https:\/\/www.eso-volley.fr\/index.php?rest_route=\/wp\/v2\/pages\/4652\/revisions"}],"predecessor-version":[{"id":4739,"href":"https:\/\/www.eso-volley.fr\/index.php?rest_route=\/wp\/v2\/pages\/4652\/revisions\/4739"}],"up":[{"embeddable":true,"href":"https:\/\/www.eso-volley.fr\/index.php?rest_route=\/wp\/v2\/pages\/2"}],"wp:attachment":[{"href":"https:\/\/www.eso-volley.fr\/index.php?rest_route=%2Fwp%2Fv2%2Fmedia&parent=4652"}],"curies":[{"name":"wp","href":"https:\/\/api.w.org\/{rel}","templated":true}]}}