{"id":699,"date":"2009-11-10T18:16:22","date_gmt":"2009-11-10T17:16:22","guid":{"rendered":"http:\/\/www.eso-volley.fr\/?page_id=699"},"modified":"2025-07-22T21:02:52","modified_gmt":"2025-07-22T19:02:52","slug":"presentation","status":"publish","type":"page","link":"https:\/\/www.eso-volley.fr\/?page_id=699","title":{"rendered":"Pr\u00e9sentation"},"content":{"rendered":"<p><strong>Vue d&rsquo;ensemble :<\/strong><\/p>\n<p>L&rsquo;ESO Volley-Ball est l&rsquo;une des sections du club ESO (Etoile Sportive O\u00e9sienne), le club sportif de Notre Dame d&rsquo;O\u00e9.<\/p>\n<p>La section volley, qui existe depuis plus de 30 ans, comprend :<\/p>\n<ul>\n<li>Plusieurs \u00e9quipes adultes (16 ans minimum) qui \u00e9voluent toutes dans le championnat Ufolep-FSGT d&rsquo;Indre-et-Loire,<\/li>\n<li>Une section Loisir adulte, sans comp\u00e9tition,<\/li>\n<li>Une section Loisir jeune, pour les 15-17 ans,<\/li>\n<li>Une \u00e9cole de volley, de 7 \u00e0 17 ans.<\/li>\n<\/ul>\n<p><em><strong>Nous trouver sur Google Maps :<\/strong><\/em><\/p>\n<p><a href=\"http:\/\/www.eso-volley.fr\/wp-content\/uploads\/2024\/09\/Plan-ESOVB.gif\"><img loading=\"lazy\" decoding=\"async\" class=\"aligncenter size-full wp-image-4710\" src=\"http:\/\/www.eso-volley.fr\/wp-content\/uploads\/2024\/09\/Plan-ESOVB.gif\" alt=\"\" width=\"921\" height=\"593\" \/><\/a><\/p>\n<p><strong>Equipes &amp; importance du club dans le championnat :<\/strong><\/p>\n<p>Le championnat adulte, comprenant entre 50 et 60 \u00e9quipes, est r\u00e9parti en 5 ou 6 poules de niveau (la poule A \u00e9tant la plus relev\u00e9e). Quelle que soit la poule, tous les matchs ont lieu dans le d\u00e9partement. Les r\u00e8gles sont quasiment les m\u00eames qu&rsquo;en f\u00e9d\u00e9ral, \u00e0 quelques \u00e9l\u00e9ments pr\u00e8s, comme la mixit\u00e9 ou la possibilit\u00e9 de ne jouer qu&rsquo;\u00e0 5 sur le terrain. Le championnat est ouvert aux personnes \u00e2g\u00e9es de 16 ans et plus.<\/p>\n<p>Avec 5 \u00e9quipes dans des poules de niveaux vari\u00e9s, l&rsquo;ESO est l&rsquo;un des clubs les plus \u00ab\u00a0pr\u00e9sents\u00a0\u00bb dans le championnat Ufolep-FSGT. Cette r\u00e9partition \u00e9quilibr\u00e9e des \u00e9quipes permet au club d&rsquo;accueillir des joueurs de tout niveau (d\u00e9butant, loisir, d\u00e9partemental, r\u00e9gional).<\/p>\n<p>Pour les plus jeunes, l&rsquo;ESO Volley-Ball dispose d&rsquo;une \u00e9cole de volley ouverte aux enfants \u00e0 partir de 7 ans et jusqu&rsquo;\u00e0 17 ans. Ces jeunes sont licenci\u00e9s \u00e9galement en Ufolep et ne disputent pas de matchs de comp\u00e9tition. Les s\u00e9ances ont lieu le samedi matin.<\/p>\n<p>A partir de 16 ans (sous conditions), il est possible de rejoindre une des \u00e9quipes adulte du championnat si le niveau le permet.<\/p>\n<p><strong>Entra\u00eenements &amp; matchs :<\/strong><\/p>\n<p>L&rsquo;ESO Volley-Ball dispose de 4 cr\u00e9neaux :<\/p>\n<ul>\n<li>Le lundi soir \u00e0 partir de 20h \u00e0 la salle Marcel Kobzik : entra\u00eenements adultes<\/li>\n<li>Le mercredi soir \u00e0 partir de 20h30 au gymnase S\u00e9bastien Barc (extension du gymnase Kobzik) : s\u00e9ances libres ou matchs<\/li>\n<li>Le mercredi soir \u00e0 partir de 20h30 au gymnase Marcel Kobzik : s\u00e9ances libres ou matchs<\/li>\n<li>Le samedi matin, de 9h30 \u00e0 12h30 : section jeunes<\/li>\n<\/ul>\n<p>Durant le championnat, les matchs \u00e0 domicile ont lieu le mercredi soit au gymnase Barc (\u00e0 partir de 20h30), soit au gymnase Kobzik (\u00e0 partir de 20h30). Les matchs \u00e0 l&rsquo;ext\u00e9rieur ont lieu les soirs en semaine (le jour et l&rsquo;heure varient selon l&rsquo;\u00e9quipe adverse).<\/p>\n<p><strong>Contacts club :<\/strong><\/p>\n<ul>\n<li>Bureau :\n<ul>\n<li><a href=\"mailto:eso.volleyball@gmail.com\">Micha\u00ebl Fontaine<\/a> (Pr\u00e9sident &#8211; webmaster) : <span data-sheets-root=\"1\">eso.volleyball@gmail.com<\/span><\/li>\n<li>David Bogetto (Tr\u00e9sorier)<\/li>\n<li>C\u00e9dric Lammertyn (Secr\u00e9taire et vice pr\u00e9sident)<\/li>\n<li>St\u00e9phanie Laurent (Secr\u00e9taire adjointe)<\/li>\n<li>Florian Peron (Tr\u00e9sorier adjoint)<\/li>\n<li>Bastien Gaffet<\/li>\n<li>Marc Grondin<\/li>\n<\/ul>\n<\/li>\n<li>Equipes :\n<ul>\n<li>Ufolep :\n<ul>\n<li>ESO 1 : poule A<\/li>\n<li>ESO 2 : poule C<\/li>\n<li>ESO 3 : poule D<\/li>\n<li>ESO 4 : poule E<\/li>\n<li>ESO 5 : poule E<\/li>\n<\/ul>\n<\/li>\n<\/ul>\n<\/li>\n<li>Section jeunes :\u00a0 C\u00e9dric Lammertyn, David Boggetto, Micha\u00ebl Fontaine, Marc Grondin<\/li>\n<\/ul>\n<p><strong>Historique :<\/strong><\/p>\n<p><em><strong>\u00a0&#8211; Saison 2023-2024<\/strong><\/em><\/p>\n<p>5 \u00e9quipes engag\u00e9es dans les poules A, C, D, E et E<\/p>\n<p><em><strong>&#8211; Saison 2023-2024<\/strong><\/em><\/p>\n<p>4 \u00e9quipes engag\u00e9es dans les poules B, D, D et E<\/p>\n<p><em><strong>&#8211; Saison 2018-2019 <br \/><\/strong><\/em><\/p>\n<p>Maintien des 4 \u00e9quipes, en poules A, C, E et F. L&rsquo;\u00e9quipe 1 r\u00e9alise une tr\u00e8s bonne ann\u00e9e et d\u00e9croche la 3\u00e8me place. En poule C, l&rsquo;ESO 2 conna\u00eet une saison compliqu\u00e9e mais parvient \u00e0 se maintenir en terminant \u00e0 la 9\u00e8me place. Bonne saison pour l&rsquo;\u00e9quipe 3 qui termine 5\u00e8me. Ce fut plus compliqu\u00e9 pour l&rsquo;\u00e9quipe 4 qui finit 11\u00e8me.<\/p>\n<p>Le cr\u00e9neau de l&rsquo;\u00e9cole de volley est scind\u00e9 en 2, pour permettre un meilleur accueil des jeunes. Au total, ce sont 37 jeunes qui s&rsquo;inscrivent sur cette saison.<\/p>\n<p>La 3\u00e8me \u00e9dition du Tournoi des Cakes rassemble 14 \u00e9quipes.<\/p>\n<p>L&rsquo;ESO Volley-ball signe son record d&rsquo;adh\u00e9rents avec 91 inscrits. Retour \u00e0 7 membres pour le Bureau.<\/p>\n<p><em><strong>\u00a0&#8211; Saison 2017-2018<br \/><\/strong><\/em><\/p>\n<p>Retour \u00e0 4 \u00e9quipes, en poules A, B, D et F. L&rsquo;\u00e9quipe 1 r\u00e9ussit une belle saison et termine \u00e0 la 5\u00e8me place. Suite \u00e0 des d\u00e9parts, les \u00e9quipes 2 et 3 ont \u00e9t\u00e9 remani\u00e9es, et ne parviennent pas \u00e0 se maintenir. L&rsquo;\u00e9quipe 4, m\u00e9lange des \u00e9quipes 4 et 5 de l&rsquo;an pass\u00e9, signe une saison honorable et termine \u00e0 la 7\u00e8me place.<\/p>\n<p>L&rsquo;\u00e9cole de volley stabilise son effectif avec 32 jeunes, et une saison tr\u00e8s appr\u00e9ci\u00e9e, marqu\u00e9e \u00e0 la fin par le d\u00e9part de Micka\u00ebl, qui officiait comme encadrant depuis le d\u00e9but.<\/p>\n<p>La 2\u00e8me \u00e9dition du Tournoi des Cakes le 8 avril affiche complet avec 16 \u00e9quipes un mois avant le d\u00e9but du tournoi !<\/p>\n<p>L&rsquo;effectif de la saison se stabilise avec 80 inscrits.<\/p>\n<p><em><strong>\u00a0&#8211; Saison 2016-2017<br \/><\/strong><\/em><\/p>\n<p>Le nombre d&rsquo;inscrits conduit le Bureau a cr\u00e9\u00e9 une 5\u00e8me \u00e9quipe ! L&rsquo;\u00e9quipe 1 conforte sa position en poule A. Apr\u00e8s avoir \u00e9t\u00e9 rebascul\u00e9e en poule B, l&rsquo;\u00e9quipe 2 conna\u00eet un d\u00e9but de saison compliqu\u00e9, mais fait une deuxi\u00e8me partie de saison remarquable pour terminer 3\u00e8me de la poule. L&rsquo;\u00e9quipe 3 r\u00e9alise une belle saison en poule D, en terminant 4\u00e8me de la poule.\u00a0 L&rsquo;\u00e9quipe 4 prend la 7\u00e8me place d&rsquo;une poule F assez disput\u00e9e. En revanche, l&rsquo;\u00e9quipe 5 n&rsquo;aura pas r\u00e9ussi \u00e0 exister dans cette m\u00eame poule, et malgr\u00e9 quelques bons passages, elle termine 12\u00e8me de sa poule.<\/p>\n<p>L&rsquo;\u00e9cole de volley explose litt\u00e9ralement et passe de 11 inscrits \u00e0 31 ! La saison a \u00e9t\u00e9 appr\u00e9ci\u00e9e des jeunes, avec une forte assiduit\u00e9.<\/p>\n<p>Pascal devient le second encadrant Loisir qui se maintient \u00e0 7 inscrits, mais avec aussi la pr\u00e9sence de joueurs des \u00e9quipes 4 et 5 qui viennent pour revoir les bases.<\/p>\n<p>La 1\u00e8re \u00e9dition du Tournoi des Cakes se tient le 7 avril 2017 et r\u00e9unit 13 \u00e9quipes.<\/p>\n<p>Au total, l&rsquo;ESO Volley-ball compte 82 inscrits sur cette saison, et le Bureau passe de 7 \u00e0 9 membres \u00e0 l&rsquo;issue de l&rsquo;AG en fin de saison.<\/p>\n<p><em><strong>\u00a0&#8211; Saison 2015-2016<br \/><\/strong><\/em><\/p>\n<p>L&rsquo;\u00e9quipe 1 se maintient \u00e0 nouveau en poule A, et joue m\u00eame les premiers r\u00f4les en terminant 4\u00e8me. L&rsquo;ESO 2 r\u00e9alise \u00e9galement une bonne saison en poule C (malgr\u00e9 le maintien acquis en fin de saison pass\u00e9e, l&rsquo;\u00e9quipe a \u00e9t\u00e9 rebascul\u00e9e en poule C suite \u00e0 la cr\u00e9ation d&rsquo;une poule G) en terminant 4\u00e8me loupant de peu la remont\u00e9e en poule sup\u00e9rieure. Saison beaucoup plus d\u00e9licate pour l&rsquo;\u00e9quipe 3 dans une poule plus forte que l&rsquo;an pass\u00e9, et finalement, une derni\u00e8re place synonyme de rel\u00e9gation en poule D. Enfin, l&rsquo;ESO 4 r\u00e9alise une saison correcte en terminant 8\u00e8me, et a surtout r\u00e9ussi \u00e0 construire un collectif solide.<\/p>\n<p>L&rsquo;\u00e9cole de volley a poursuivi sous affiliation FFVB, et certains jeunes ont ainsi pu faire quelques plateaux. A l&rsquo;issue de la saison, le Bureau d\u00e9cide revenir finalement en UFOLEP pour les saisons suivantes.<\/p>\n<p>La section Loisir voit le jour.<\/p>\n<p><em><strong>&#8211; Saison 2014-2015<br \/><\/strong><\/em><\/p>\n<p>A l&rsquo;issue de la saison, l&rsquo;\u00e9quipe 1 (anciennement \u00e9quipe 2) se maintient non seulement facilement en poule A gr\u00e2ce \u00e0 de bonnes recrues et un collectif solide mais se place en plus sur le podium. L&rsquo;\u00e9quipe 2 avec un effectif compl\u00e8tement renouvel\u00e9 arrive finalement \u00e0 se maintenir en poule B in extremis avec des pr\u00e9cieux points grappill\u00e9s lors des derniers matchs. L&rsquo;\u00e9quipe 3 se maintient elle aussi en poule C apr\u00e8s une saison correcte, m\u00eame si on sent que tout le\u00a0potentiel de l&rsquo;\u00e9quipe ne s&rsquo;est pas r\u00e9v\u00e9l\u00e9. L&rsquo;\u00e9quipe 4 s&rsquo;est bien comport\u00e9e en poule F mais des insuffisances d&rsquo;effectifs en fin de saison ont rendu la t\u00e2che compliqu\u00e9e.<\/p>\n<p>Une section jeune voit le jour sous affiliation UFOLEP.<\/p>\n<p><em><strong>&#8211; Saison 2013-2014<br \/><\/strong><\/em><\/p>\n<p>Plus de derby la saison prochaine, chaque \u00e9quipe sera seule dans sa poule. En effet si l&rsquo;\u00e9quipe 1 \u00ab\u00a0historique\u00a0\u00bb se maintient en poule B, l&rsquo;\u00e9quipe 2 profite de sa relative jeunesse pour acc\u00e9der \u00e0 la poule A. L&rsquo;\u00e9quipe 3 se maintient, elle, en\u00a0poule C. L&rsquo;\u00e9quipe 4 qui cette saison avait \u00e9t\u00e9 renforc\u00e9e a \u00e9lev\u00e9 son niveau, mais pas encore suffisamment pour monter en poule sup\u00e9rieure, et reste donc en poule F.<\/p>\n<p><em><strong>&#8211; Saison 2012-2013<br \/><\/strong><\/em><\/p>\n<p>A l&rsquo;issue de la saison, les 4 \u00e9quipes engag\u00e9es ont connu des sorts diff\u00e9rents : l&rsquo;\u00e9quipe 1 s&rsquo;est maintenue en poule B, l&rsquo;\u00e9quipe 2 a d\u00e9croch\u00e9 la 1\u00e8re place de poule C et remonte en poule B, l&rsquo;\u00e9quipe 3 s&rsquo;est maintenue en poule C et l&rsquo;\u00e9quipe 4 reste en poule F.<\/p>\n<p><em><strong>&#8211; Juillet 1991<\/strong><\/em> : La section ne renouvelle pas son affiliation \u00e0 la FFVB, et s&rsquo;affilie \u00e0 l&rsquo;UFOLEP.<\/p>\n<p><em><strong>&#8211; Juillet\u00a01990<\/strong><\/em> : Cr\u00e9ation de la section, affili\u00e9e \u00e0 la FFVB, au sein de l&rsquo;ESO<\/p>\n\n\n<p><\/p>\n","protected":false},"excerpt":{"rendered":"<p>Vue d&rsquo;ensemble : L&rsquo;ESO Volley-Ball est l&rsquo;une des sections du club ESO (Etoile Sportive O\u00e9sienne), le club sportif de Notre Dame d&rsquo;O\u00e9. La section volley, qui existe depuis plus de 30 ans, comprend : Plusieurs \u00e9quipes adultes (16 ans minimum) qui \u00e9voluent toutes dans le championnat Ufolep-FSGT d&rsquo;Indre-et-Loire, Une section Loisir adulte, sans comp\u00e9tition, Une &hellip; <\/p>\n<p><a class=\"more-link btn\" href=\"https:\/\/www.eso-volley.fr\/?page_id=699\">Lire la suite<\/a><\/p>\n","protected":false},"author":1,"featured_media":0,"parent":2,"menu_order":0,"comment_status":"open","ping_status":"closed","template":"","meta":{"footnotes":""},"class_list":["post-699","page","type-page","status-publish","hentry","nodate","item-wrap"],"_links":{"self":[{"href":"https:\/\/www.eso-volley.fr\/index.php?rest_route=\/wp\/v2\/pages\/699","targetHints":{"allow":["GET"]}}],"collection":[{"href":"https:\/\/www.eso-volley.fr\/index.php?rest_route=\/wp\/v2\/pages"}],"about":[{"href":"https:\/\/www.eso-volley.fr\/index.php?rest_route=\/wp\/v2\/types\/page"}],"author":[{"embeddable":true,"href":"https:\/\/www.eso-volley.fr\/index.php?rest_route=\/wp\/v2\/users\/1"}],"replies":[{"embeddable":true,"href":"https:\/\/www.eso-volley.fr\/index.php?rest_route=%2Fwp%2Fv2%2Fcomments&post=699"}],"version-history":[{"count":2,"href":"https:\/\/www.eso-volley.fr\/index.php?rest_route=\/wp\/v2\/pages\/699\/revisions"}],"predecessor-version":[{"id":4724,"href":"https:\/\/www.eso-volley.fr\/index.php?rest_route=\/wp\/v2\/pages\/699\/revisions\/4724"}],"up":[{"embeddable":true,"href":"https:\/\/www.eso-volley.fr\/index.php?rest_route=\/wp\/v2\/pages\/2"}],"wp:attachment":[{"href":"https:\/\/www.eso-volley.fr\/index.php?rest_route=%2Fwp%2Fv2%2Fmedia&parent=699"}],"curies":[{"name":"wp","href":"https:\/\/api.w.org\/{rel}","templated":true}]}}