{"id":723,"date":"2009-11-10T19:04:13","date_gmt":"2009-11-10T18:04:13","guid":{"rendered":"http:\/\/www.eso-volley.fr\/?page_id=723"},"modified":"2014-10-17T11:23:24","modified_gmt":"2014-10-17T09:23:24","slug":"ufolep-fsgt","status":"publish","type":"page","link":"https:\/\/www.eso-volley.fr\/?page_id=723","title":{"rendered":"Ufolep-FSGT"},"content":{"rendered":"<p>Vous retrouverez ici une pr\u00e9sentation du championnat Ufolep-FSGT, son r\u00e8glement \u00e0 jour, et pour chaque poule, le classement, les r\u00e9sultats, etc.<\/p>\n","protected":false},"excerpt":{"rendered":"<p>Vous retrouverez ici une pr\u00e9sentation du championnat Ufolep-FSGT, son r\u00e8glement \u00e0 jour, et pour chaque poule, le classement, les r\u00e9sultats, etc.<\/p>\n","protected":false},"author":1,"featured_media":0,"parent":0,"menu_order":0,"comment_status":"open","ping_status":"closed","template":"","meta":{"footnotes":""},"class_list":["post-723","page","type-page","status-publish","hentry","nodate","item-wrap"],"_links":{"self":[{"href":"https:\/\/www.eso-volley.fr\/index.php?rest_route=\/wp\/v2\/pages\/723","targetHints":{"allow":["GET"]}}],"collection":[{"href":"https:\/\/www.eso-volley.fr\/index.php?rest_route=\/wp\/v2\/pages"}],"about":[{"href":"https:\/\/www.eso-volley.fr\/index.php?rest_route=\/wp\/v2\/types\/page"}],"author":[{"embeddable":true,"href":"https:\/\/www.eso-volley.fr\/index.php?rest_route=\/wp\/v2\/users\/1"}],"replies":[{"embeddable":true,"href":"https:\/\/www.eso-volley.fr\/index.php?rest_route=%2Fwp%2Fv2%2Fcomments&post=723"}],"version-history":[{"count":1,"href":"https:\/\/www.eso-volley.fr\/index.php?rest_route=\/wp\/v2\/pages\/723\/revisions"}],"predecessor-version":[{"id":3540,"href":"https:\/\/www.eso-volley.fr\/index.php?rest_route=\/wp\/v2\/pages\/723\/revisions\/3540"}],"wp:attachment":[{"href":"https:\/\/www.eso-volley.fr\/index.php?rest_route=%2Fwp%2Fv2%2Fmedia&parent=723"}],"curies":[{"name":"wp","href":"https:\/\/api.w.org\/{rel}","templated":true}]}}