{"id":730,"date":"2009-11-10T19:21:51","date_gmt":"2009-11-10T17:21:51","guid":{"rendered":"http:\/\/www.eso-volley.fr\/?page_id=730"},"modified":"2016-12-20T13:27:50","modified_gmt":"2016-12-20T12:27:50","slug":"reglement","status":"publish","type":"page","link":"https:\/\/www.eso-volley.fr\/?page_id=730","title":{"rendered":"R\u00e8glement"},"content":{"rendered":"<p>Voici le r\u00e8glement applicable au championnat UFOLEP-FSGT d&rsquo;Indre-et-Loire pour la saison 2016-2017 :<\/p>\n<p><span style=\"text-decoration: underline;\"><b><i>Article 1 :<\/i><\/b><\/span><\/p>\n<p>Les \u00e9quipes engag\u00e9es dans le championnat aller\/retour de volley-ball doivent \u00eatre obligatoirement affili\u00e9es \u00e0 la FSGT ou \u00e0 l&rsquo;UFOLEP.<\/p>\n<p>Les r\u00e8gles de jeu \u00e0 appliquer pour le d\u00e9roulement des rencontres de championnat sont celles de la FFVB compl\u00e9t\u00e9es des clauses suivantes&nbsp;:<\/p>\n<ul>\n<li>L\u2019exclusion des temps morts techniques, chaque \u00e9quipe dispose de 2 temps morts \u00ab&nbsp;libres&nbsp;\u00bb par set.<\/li>\n<li>6 changements sont autoris\u00e9s par set&nbsp;: si apr\u00e8s avoir \u00e9t\u00e9 remplac\u00e9, un joueur doit \u00e0 nouveau rentrer sur le terrain, il doit obligatoirement rentrer sur le joueur qui l\u2019avait remplac\u00e9 pr\u00e9c\u00e9demment<\/li>\n<li>Tie-break&nbsp;: nouveau tirage au sort pour d\u00e9terminer l&rsquo;\u00e9quipe qui a le service et le terrain de d\u00e9part (comme au d\u00e9but du match) &#8211; changement de c\u00f4t\u00e9 sans temps mort quand une des deux \u00e9quipes atteint en 1er les 8 points<\/li>\n<li>Jeu avec lib\u00e9ro&nbsp;: D\u00e9signation d\u2019un seul lib\u00e9ro par set, obligation de l\u2019annoncer \u00e0 chaque d\u00e9but de set. Pas d\u2019obligation de jouer tout un match avec ce type de jeu car le choix de jouer avec un lib\u00e9ro se fait set par set.<\/li>\n<li>Application des diff\u00e9rents points particuliers \u00e9num\u00e9r\u00e9s dans les articles du pr\u00e9sent r\u00e8glement.<\/li>\n<\/ul>\n<p><span style=\"text-decoration: underline;\"><b><i>Article 2 :<\/i><\/b><\/span><\/p>\n<p>L&rsquo;engagement des \u00e9quipes est r\u00e9gl\u00e9 \u00e0 l&rsquo;UFOLEP ou \u00e0 la F.S.G.T au moment de leur affiliation.<\/p>\n<p><span style=\"text-decoration: underline;\"><b><i>Article 3 :<\/i><\/b><\/span><\/p>\n<p>Tous les joueurs devront fournir un certificat m\u00e9dical pour l&rsquo;\u00e9tablissement de leur licence. Aucune licence ne sera enregistr\u00e9e sans ce certificat.<\/p>\n<p><span style=\"text-decoration: underline;\"><b><i>Article 4 :<\/i><\/b><\/span><\/p>\n<p>Le club ou l&rsquo;\u00e9quipe dont un ou plusieurs joueur(s) participe(nt) \u00e0 une rencontre de championnat sans licence enregistr\u00e9e aupr\u00e8s de la FSGT ou de l&rsquo;UFOLEP sera p\u00e9nalis\u00e9(e) par un forfait.<\/p>\n<p>En cas d&rsquo;impossibilit\u00e9 de pr\u00e9senter la licence d&rsquo;un joueur (<b>avec photo<\/b>) ou la copie de celle-ci avant une rencontre, il pourra \u00eatre r\u00e9clam\u00e9 un justificatif d&rsquo;identit\u00e9.<\/p>\n<p><span style=\"text-decoration: underline;\"><b><i>Article 5 :<\/i><\/b><\/span><\/p>\n<p>Quel que soit l\u2019organisme d\u2019affiliation (UFOLEP ou FSGT), un joueur ne peut pas \u00eatre inscrit dans 2 \u00e9quipes diff\u00e9rentes. Les clubs ont la responsabilit\u00e9 de v\u00e9rifier qu\u2019un joueur d\u00e9sirant s\u2019inscrire dans leurs effectifs, n\u2019est pas d\u00e9j\u00e0 licenci\u00e9 dans une autre \u00e9quipe \u00e9voluant dans le championnat UFOLEP-FSGT d\u2019Indre et Loire.<\/p>\n<p><span style=\"text-decoration: underline;\"><b><i>Article 6 :<\/i><\/b><\/span><\/p>\n<p>Les clubs devront fournir la liste (composition) des joueurs et des joueuses \u00e9voluant dans chaque \u00e9quipe.<\/p>\n<p>Cette liste sera envoy\u00e9e \u00e0 la commission avant le premier match de la saison sportive \u00e0 l\u2019adresse suivante : <a href=\"mailto:volley@ufolep37.fr\"><b>volley@ufolep37.fr<\/b><\/a>.<\/p>\n<p>Les clubs multi-\u00e9quipes ont la responsabilit\u00e9 et l\u2019obligation d\u2019indiquer l\u2019\u00e9quipe dans laquelle sont affect\u00e9s les joueurs ou joueuses souscrivant une licence en cours de saison avant qu\u2019ils ne disputent leur premier match.<\/p>\n<p>En cas de litige, seules les compositions d\u2019\u00e9quipes donn\u00e9es et enregistr\u00e9es par la commission seront prises en compte. La composition des \u00e9quipes sera disponible sur le site internet de l\u2019UFOLEP 37.<\/p>\n<p>Tout joueur ne pouvant pas pr\u00e9senter de licence en d\u00e9but de match pourra voir son entr\u00e9e sur le terrain refus\u00e9e par l\u2019\u00e9quipe adversaire. Si trop de joueurs d\u2019une m\u00eame \u00e9quipe n\u2019ont pas de licence en d\u00e9but de match, l\u2019\u00e9quipe adverse est alors en droit de demander la victoire par forfait.<\/p>\n<p>Il est tol\u00e9r\u00e9 qu&rsquo;un \u00e0 <b>trois<\/b> joueurs au maximum d&rsquo;une poule inf\u00e9rieure puisse compl\u00e9ter (<b>\u00e0 5, 6 ou 7 avec un seul rempla\u00e7ant<\/b>) une \u00e9quipe de poule sup\u00e9rieure &nbsp;\u00e0 condition qu\u2019au moins 4 joueurs de l\u2019\u00e9quipe d\u2019origine fassent \u00e9galement partie de l\u2019effectif align\u00e9.<\/p>\n<p>Dans tous les cas, un m\u00eame joueur n\u2019est autoris\u00e9 \u00e0 renforcer le(s) \u00e9quipe(s) de poule sup\u00e9rieure que dans la limite de 3 matchs par phase.<\/p>\n<p>Si un joueur d\u00e9passe cette limite, l\u2019\u00e9quipe renforc\u00e9e illicitement se verra p\u00e9nalis\u00e9e d\u2019un forfait sur le ou les matchs en question.<\/p>\n<p>Il est interdit qu&rsquo;un joueur d&rsquo;une \u00e9quipe de poule sup\u00e9rieure puisse descendre dans une \u00e9quipe de poule inf\u00e9rieure.<\/p>\n<p><b>Cas des joueurs flottants :<\/b><\/p>\n<p>Les clubs disposant de plusieurs \u00e9quipes dans une m\u00eame poule et n\u2019alignant pas d\u2019autre \u00e9quipe dans les poules inf\u00e9rieures, ont la possibilit\u00e9 de d\u00e9signer d\u00e8s le d\u00e9but du championnat, dans l\u2019effectif de chacune de ces \u00e9quipes, 3 joueurs ou joueuses \u00ab flottants \u00bb ayant la possibilit\u00e9 de jouer dans l\u2019autre \u00e9quipe si celle-ci se retrouvait avec un nombre insuffisant de joueurs pour disputer un match selon les m\u00eames conditions expos\u00e9es pr\u00e9c\u00e9demment.<\/p>\n<p>Ces joueurs flottants seront soumis aux r\u00e8gles suivantes :<\/p>\n<ul>\n<li>Pas plus de 3 \u00ab mutations \u00bb par phase et par joueur.<\/li>\n<li>Interdiction de monter en renfort pour une \u00e9quipe d\u2019une poule sup\u00e9rieure.<\/li>\n<\/ul>\n<p><span style=\"text-decoration: underline;\"><b><i>Article 7 :<\/i><\/b><\/span><\/p>\n<p>Les \u00e9quipes mixtes sont autoris\u00e9es, la hauteur du filet restant celle des seniors masculins c&rsquo;est-\u00e0-dire 2,43 m\u00e8tres.<\/p>\n<p><span style=\"text-decoration: underline;\"><b><i>Article 8 :<\/i><\/b><\/span><\/p>\n<p>Une \u00e9quipe doit \u00eatre compos\u00e9e au minimum de 5 joueurs ou joueuses. En cas de renfort pour un match, l\u2019\u00e9quipe doit \u00eatre compos\u00e9e d\u2019au minimum 4 joueurs de l\u2019\u00e9quipe d\u2019origine.<\/p>\n<p><span style=\"text-decoration: underline;\"><b><i>Article 9 :<\/i><\/b><\/span><\/p>\n<p>Une rencontre n&rsquo;arrivant pas \u00e0 sa fin avant le temps imparti en raison de la fermeture de la salle sera rejou\u00e9e.<\/p>\n<p>Le r\u00e9sultat des sets complets restera acquis.<\/p>\n<p>L&rsquo;\u00e9quipe re\u00e7ue devra recevoir pour la fin du match \u00e0 rejouer.<\/p>\n<p><span style=\"text-decoration: underline;\"><b><i>Article 10 :<\/i><\/b><\/span><\/p>\n<p>Les \u00e9quipes (recevant et visiteur) doivent fournir une personne pour la table de marque. Un joueur ou une joueuse rempla\u00e7ant est autoris\u00e9(e) \u00e0 tenir ce r\u00f4le.<\/p>\n<p><span style=\"text-decoration: underline;\"><b><i>Article 11 :<\/i><\/b><\/span><\/p>\n<p>Les deux capitaines d&rsquo;\u00e9quipe doivent se consulter et s&rsquo;arranger de fa\u00e7on \u00e0 ce que l&rsquo;arbitrage soit assur\u00e9 sans p\u00e9naliser l&rsquo;une ou l&rsquo;autre \u00e9quipe.<\/p>\n<p><span style=\"text-decoration: underline;\"><b><i>Article 12 :<\/i><\/b><\/span><\/p>\n<p>Les deux \u00e9quipes devront se pr\u00e9senter au maximum 30 minutes apr\u00e8s l&rsquo;horaire (H) indiqu\u00e9 dans le calendrier envoy\u00e9 aux diff\u00e9rentes \u00e9quipes. L\u2019heure contractuelle de d\u00e9but du match \u00e9tant donc fix\u00e9e \u00e0 \u00ab&nbsp;H + 30 min&nbsp;\u00bb.<\/p>\n<p>Toute \u00e9quipe se pr\u00e9sentant apr\u00e8s ce d\u00e9lai pourra \u00eatre p\u00e9nalis\u00e9e par un forfait.<\/p>\n<p><span style=\"text-decoration: underline;\"><b><i>Article 13 :<\/i><\/b><\/span><\/p>\n<p>L&rsquo;\u00e9quipe recevant (A sur la feuille de match) envoie la feuille de match <b>sous 8 jours<\/b> \u00e0 l&rsquo;UFOLEP 37 par courrier (10 avenue de la R\u00e9publique \u2013 37300 Jou\u00e9-les-Tours), par fax (02-47-61-61-27) ou par courriel (<a href=\"mailto:volley@ufolep37.fr\"><b>volley@ufolep37.fr<\/b><\/a>).<\/p>\n<p>Si le d\u00e9lai d&rsquo;envoi de la feuille n&rsquo;est pas respect\u00e9 (8 jours) mais que la feuille de match est tout de m\u00eame enregistr\u00e9e ult\u00e9rieurement par l\u2019UFOLEP ou la FSGT, le match sera consid\u00e9r\u00e9 comme forfait (0 point) pour l&rsquo;\u00e9quipe charg\u00e9e de l&rsquo;envoi. L&rsquo;\u00e9quipe visiteuse marque les points correspondant \u00e0 son r\u00e9sultat (1 point + 1 point par set gagn\u00e9 en cas de d\u00e9faite, 6 points en cas de victoire), seule l&rsquo;\u00e9quipe charg\u00e9e de l&rsquo;envoi \u00e9tant p\u00e9nalis\u00e9e.<\/p>\n<p>Si la feuille de match n&rsquo;est pas envoy\u00e9e et par cons\u00e9quent non enregistr\u00e9e par l\u2019UFOLEP ou la FSGT, le r\u00e9sultat du match m\u00eame s\u2019il est communiqu\u00e9 ult\u00e9rieurement, ne sera pas pris en compte. Le match sera consid\u00e9r\u00e9 comme forfait (0 point) pour l\u2019\u00e9quipe <b>en charge de l\u2019envoi (recevant) et les 6 points de la victoire seront attribu\u00e9s \u00e0 l\u2019\u00e9quipe re\u00e7ue.<\/b><\/p>\n<p><b>Cas d\u2019un forfait :<\/b><\/p>\n<p>En cas de forfait, l\u2019\u00e9quipe recevante doit envoyer la feuille de match de la m\u00eame mani\u00e8re qu\u2019un r\u00e9sultat classique en annotant le forfait et en mettant en copie de son mail le responsable de l\u2019\u00e9quipe adverse.<\/p>\n<p><span style=\"text-decoration: underline;\"><b><i>Article 14 :<\/i><\/b><\/span><\/p>\n<p>Il est demand\u00e9 de respecter les dates du calendrier. Toutefois, les reports de matchs peuvent \u00eatre tol\u00e9r\u00e9s dans les conditions suivantes&nbsp;:<\/p>\n<ul>\n<li>que le club ou l&rsquo;\u00e9quipe indisponible pr\u00e9vienne son adversaire au moins 48 heures avant et que le report soit accept\u00e9 des deux \u00e9quipes.<\/li>\n<li>que la commission en soit inform\u00e9e par mail par l\u2019\u00e9quipe demandant le report ET surtout l\u2019\u00e9quipe recevante AVANT la date th\u00e9orique de la rencontre.<\/li>\n<li>que la commission soit IMP\u00c9RATIVEMENT inform\u00e9e de la nouvelle date de report et ceci AVANT que le match n\u2019ait lieu, une fois celle-ci d\u00e9termin\u00e9e en accord avec les deux \u00e9quipes.<\/li>\n<\/ul>\n<p><b>Le nombre de report est limit\u00e9 \u00e0 1 seul par \u00e9quipe et par phase sauf cas de figure exceptionnel (intemp\u00e9ries, \u00e9pid\u00e9mies, r\u00e9quisition du gymnase).<\/b><\/p>\n<p>Dans le cadre d\u2019une r\u00e9quisition de gymnase, un justificatif est \u00e0 fournir au CTSD.<\/p>\n<p>Si toutefois la temp\u00e9rature \u00e0 l\u2019int\u00e9rieur d\u2019un gymnase est inf\u00e9rieure \u00e0 10\u00b0C, un report \u00ab&nbsp;intemp\u00e9rie&nbsp;\u00bb sera appliqu\u00e9.<\/p>\n<p><b>Ne sont pas consid\u00e9r\u00e9s comme report imputable, les cas suivants&nbsp;:<\/b><\/p>\n<ul>\n<li>Le cas o\u00f9 le match est d\u00e9cal\u00e9 \u00e0 un autre jour de la m\u00eame semaine.<\/li>\n<li>Le cas o\u00f9 les matchs aller et retour sont invers\u00e9s.<\/li>\n<\/ul>\n<p><span style=\"text-decoration: underline;\"><b><i>Article 15 :<\/i><\/b><\/span><\/p>\n<p>Le classement se fait au nombre de points :<\/p>\n<ul>\n<li>match gagn\u00e9 : 3 points + 1 point par set gagn\u00e9 ;<\/li>\n<li>match perdu : 1 point + 1 point par set gagn\u00e9 ;<\/li>\n<li>forfait : 0 point.<\/li>\n<\/ul>\n<p><span style=\"text-decoration: underline;\"><b><i>Article 16 :<\/i><\/b><\/span><\/p>\n<p>Tout litige intervenant en cours de saison sera examin\u00e9 par la Commission volley-ball et les personnes int\u00e9ress\u00e9es.<\/p>\n<p><span style=\"text-decoration: underline;\"><b><i>Article 17 :<\/i><\/b><\/span><\/p>\n<p>Les deux premi\u00e8res \u00e9quipes monteront en poule sup\u00e9rieure sans qu\u2019il leur soit possible de refuser ce changement de poule (sauf si l\u2019\u00e9quipe se d\u00e9sengage du championnat la saison suivante) et les deux derni\u00e8res \u00e9quipes descendront en poule inf\u00e9rieure la saison suivante.<\/p>\n<p>Quel qu\u2019en soit le niveau, toute nouvelle \u00e9quipe s\u2019engageant dans le championnat UFOLEP-FSGT d\u2019Indre et Loire d\u00e9butera dans la poule la plus faible (F pour la saison 2016-2017).<\/p>\n<p>La r\u00e9partition des \u00e9quipes engag\u00e9es doit \u00eatre \u00e9quilibr\u00e9e entre toutes les poules composant le championnat. Le nombre maximum d\u2019\u00e9quipes par poule est limit\u00e9 \u00e0 12.<\/p>\n<p>En cas de cr\u00e9ation d\u2019une nouvelle poule, l\u2019\u00e9quilibrage du nombre d\u2019\u00e9quipes par poule se fera par le bas (en faisant descendre les \u00e9quipes les moins bien class\u00e9es pour compl\u00e9ter les poules inf\u00e9rieures) sans modifier les classements de la saison pr\u00e9c\u00e9dente (accessions et descentes restant acquises).<\/p>\n<p>En cas de suppression de poule, l\u2019\u00e9quilibrage se fera alors par le haut du classement de la saison pr\u00e9c\u00e9dente (en faisant monter les \u00e9quipes les mieux class\u00e9es pour compl\u00e9ter les poules sup\u00e9rieures) sans modifier les classements de la saison pr\u00e9c\u00e9dente (accessions et descentes restant acquises).<\/p>\n<p><span style=\"text-decoration: underline;\"><b><i>Article 18 :<\/i><\/b><\/span><\/p>\n<p>Dans la mesure du possible, les \u00e9quipes en d\u00e9placement doivent se pr\u00e9senter avec un minimum de ballons. Dans le cas contraire, l\u2019\u00e9quipe recevante ne pourra \u00eatre p\u00e9nalis\u00e9e si elle refuse de pr\u00eater des ballons pour l\u2019\u00e9chauffement.<\/p>\n","protected":false},"excerpt":{"rendered":"<p>Voici le r\u00e8glement applicable au championnat UFOLEP-FSGT d&rsquo;Indre-et-Loire pour la saison 2016-2017 : Article 1 : Les \u00e9quipes engag\u00e9es dans le championnat aller\/retour de volley-ball doivent \u00eatre obligatoirement affili\u00e9es \u00e0 la FSGT ou \u00e0 l&rsquo;UFOLEP. Les r\u00e8gles de jeu \u00e0 appliquer pour le d\u00e9roulement des rencontres de championnat sont celles de la FFVB compl\u00e9t\u00e9es des &hellip; <\/p>\n<p><a class=\"more-link btn\" href=\"https:\/\/www.eso-volley.fr\/?page_id=730\">Lire la suite<\/a><\/p>\n","protected":false},"author":1,"featured_media":0,"parent":723,"menu_order":1,"comment_status":"open","ping_status":"closed","template":"","meta":{"footnotes":""},"class_list":["post-730","page","type-page","status-publish","hentry","nodate","item-wrap"],"_links":{"self":[{"href":"https:\/\/www.eso-volley.fr\/index.php?rest_route=\/wp\/v2\/pages\/730","targetHints":{"allow":["GET"]}}],"collection":[{"href":"https:\/\/www.eso-volley.fr\/index.php?rest_route=\/wp\/v2\/pages"}],"about":[{"href":"https:\/\/www.eso-volley.fr\/index.php?rest_route=\/wp\/v2\/types\/page"}],"author":[{"embeddable":true,"href":"https:\/\/www.eso-volley.fr\/index.php?rest_route=\/wp\/v2\/users\/1"}],"replies":[{"embeddable":true,"href":"https:\/\/www.eso-volley.fr\/index.php?rest_route=%2Fwp%2Fv2%2Fcomments&post=730"}],"version-history":[{"count":6,"href":"https:\/\/www.eso-volley.fr\/index.php?rest_route=\/wp\/v2\/pages\/730\/revisions"}],"predecessor-version":[{"id":4232,"href":"https:\/\/www.eso-volley.fr\/index.php?rest_route=\/wp\/v2\/pages\/730\/revisions\/4232"}],"up":[{"embeddable":true,"href":"https:\/\/www.eso-volley.fr\/index.php?rest_route=\/wp\/v2\/pages\/723"}],"wp:attachment":[{"href":"https:\/\/www.eso-volley.fr\/index.php?rest_route=%2Fwp%2Fv2%2Fmedia&parent=730"}],"curies":[{"name":"wp","href":"https:\/\/api.w.org\/{rel}","templated":true}]}}